{"id":987582989,"date":"2024-11-03T13:00:02","date_gmt":"2024-11-03T12:00:02","guid":{"rendered":"https:\/\/crewtogether.io\/haftungsausschluss\/"},"modified":"2025-11-04T17:21:10","modified_gmt":"2025-11-04T16:21:10","slug":"haftungsausschluss","status":"publish","type":"page","link":"https:\/\/crewtogether.io\/de\/haftungsausschluss\/","title":{"rendered":"Haftungsausschluss"},"content":{"rendered":"<p>[et_pb_section admin_label=&#8220;section&#8220;]<br \/>\n\t\t\t[et_pb_row admin_label=&#8220;Zeile&#8220;]<br \/>\n\t\t\t\t[et_pb_column type=&#8220;4_4&#8243;][et_pb_text admin_label=&#8220;Text&#8220;]<\/p>\n\n<!-- Legal document generated by Complianz | GDPR\/CCPA Cookie Consent https:\/\/wordpress.org\/plugins\/complianz-gdpr -->\n<div id=\"cmplz-document\" class=\"cmplz-document disclaimer cmplz-document-all\"><p>Polycular GmbH ist dazu verpflichtet, diese Website aktuell und akkurat zu halten. Solltest du dennoch auf irgendetwas sto\u00dfen, das veraltet oder inkorrekt ist, w\u00fcrden wir es sch\u00e4tzen, wenn du es uns wissen l\u00e4sst. Bitte weise darauf hin, wo du auf der Seite die Information gelesen hast. Wir werden uns dann so schnell wie m\u00f6glich darum k\u00fcmmern. Bitte sende deine R\u00fcckmeldung an: <span class=\"cmplz-obfuscate\">pri&#118;&#097;&#099;&#121;@<span class=\"cmplz-fmail-domain\">&#101;x.c&#111;&#109;<\/span>&#112;&#111;ly&#099;&#117;la&#114;&#046;c&#111;&#109;<\/span>.<\/p><p>Wir \u00fcbernehmen keine Haftung f\u00fcr aus Ungenauigkeit oder Unvollst\u00e4ndigkeit resultierenden Verluste, noch f\u00fcr entstehende Verluste oder Verbreitung von Informationen durch das Internet, wie St\u00f6rungen oder Unterbrechungen. Bei der Verwendung von Internetfomularen streben wir danach die Anzahl der ben\u00f6tigten Felder zu minimieren. F\u00fcr jegliche Verluste die aus der Verwendung von Polycular GmbH empfohlener oder stammender Daten, Hinweisen oder Ideen \u00fcbernimmt Polycular GmbH keine Haftung.<\/p><p>\u00dcber E-Mail oder mittels eines Internetfomulars versendete Antworten und Datenschutzanfragen werden in gleicher Weise wie Briefe behandelt. Dies bedeutet, dass du sp\u00e4testens innerhalb eines Monats mit einer Antwort von uns rechnen kannst. Im Falle umfangreicher Anfragen werden wir dich innerhalb eines Monats wissen lassen ob wir ein Maximum von drei Monaten ben\u00f6tigen.<\/p><p>Jegliche pers\u00f6nliche Information welche du uns innerhalb des Kontexts deiner Antwort oder deinem Antrag zur Verf\u00fcgung stellst, wird ausschlie\u00dflich gem\u00e4\u00df unserer Datenschutzerkl\u00e4rung genutzt.<\/p><p>Polycular GmbH \u00fcbernimmt keine Verantwortung f\u00fcr den Inhalt von Websites, zu denen oder von denen ein Hyperlink oder eine anderer Verweis f\u00fchrt. Produkte oder Serviceleistungen, die von Drittanbieten angeboten werden, werden nach entsprechenden Bedingungen und Konditionen jener Drittanbieter behandelt werden.<\/p><p>Jegliches intellektuelle Eigentumsrecht an Inhalten auf dieser Website ist im Besitz von Polycular GmbH.<\/p><p>Das Kopieren, Verbreiten oder jegliche andere Nutzung dieses Materials ist ohne die schriftliche Erlaubnis von Polycular GmbH nicht gestattet, sofern in geltendem Gesetz nicht anders vereinbart oder ausgenommen (wie etwa das Recht zu zitieren), solang der spezifische Inhalt nichts anderes vorschreibt.<\/p><p>Wenn du Fragen oder Probleme mit der Verf\u00fcgbarkeit der Website hast, z\u00f6gere nicht uns zu kontaktieren.<\/p><\/div><p>[\/et_pb_text][\/et_pb_column]<br \/>\n\t\t\t[\/et_pb_row]<br \/>\n\t\t[\/et_pb_section]<\/p>\n","protected":false},"excerpt":{"rendered":"","protected":false},"author":1,"featured_media":0,"parent":0,"menu_order":0,"comment_status":"closed","ping_status":"closed","template":"","meta":{"_et_pb_use_builder":"on","_et_pb_old_content":"","_et_gb_content_width":"","footnotes":""},"class_list":["post-987582989","page","type-page","status-publish","hentry"],"yoast_head":"<!-- This site is optimized with the Yoast SEO plugin v26.8 - https:\/\/yoast.com\/product\/yoast-seo-wordpress\/ -->\n<title>Haftungsausschluss - crewtogether.io<\/title>\n<meta name=\"robots\" content=\"index, follow, max-snippet:-1, max-image-preview:large, max-video-preview:-1\" \/>\n<link rel=\"canonical\" href=\"https:\/\/crewtogether.io\/de\/haftungsausschluss\/\" \/>\n<meta property=\"og:locale\" content=\"de_DE\" \/>\n<meta property=\"og:type\" content=\"article\" \/>\n<meta property=\"og:title\" content=\"Haftungsausschluss - crewtogether.io\" \/>\n<meta property=\"og:url\" content=\"https:\/\/crewtogether.io\/de\/haftungsausschluss\/\" \/>\n<meta property=\"og:site_name\" content=\"crewtogether.io\" \/>\n<meta property=\"article:modified_time\" content=\"2025-11-04T16:21:10+00:00\" \/>\n<meta property=\"og:image\" content=\"https:\/\/crewtogether.io\/wp-content\/uploads\/2024\/11\/A5-6.jpg\" \/>\n\t<meta property=\"og:image:width\" content=\"2380\" \/>\n\t<meta property=\"og:image:height\" content=\"1680\" \/>\n\t<meta property=\"og:image:type\" content=\"image\/jpeg\" \/>\n<meta name=\"twitter:card\" content=\"summary_large_image\" \/>\n<script type=\"application\/ld+json\" class=\"yoast-schema-graph\">{\"@context\":\"https:\/\/schema.org\",\"@graph\":[{\"@type\":\"WebPage\",\"@id\":\"https:\/\/crewtogether.io\/de\/haftungsausschluss\/\",\"url\":\"https:\/\/crewtogether.io\/de\/haftungsausschluss\/\",\"name\":\"Haftungsausschluss - crewtogether.io\",\"isPartOf\":{\"@id\":\"https:\/\/crewtogether.io\/de\/#website\"},\"datePublished\":\"2024-11-03T12:00:02+00:00\",\"dateModified\":\"2025-11-04T16:21:10+00:00\",\"breadcrumb\":{\"@id\":\"https:\/\/crewtogether.io\/de\/haftungsausschluss\/#breadcrumb\"},\"inLanguage\":\"de\",\"potentialAction\":[{\"@type\":\"ReadAction\",\"target\":[\"https:\/\/crewtogether.io\/de\/haftungsausschluss\/\"]}]},{\"@type\":\"BreadcrumbList\",\"@id\":\"https:\/\/crewtogether.io\/de\/haftungsausschluss\/#breadcrumb\",\"itemListElement\":[{\"@type\":\"ListItem\",\"position\":1,\"name\":\"Home\",\"item\":\"https:\/\/crewtogether.io\/de\/muster-seite\/\"},{\"@type\":\"ListItem\",\"position\":2,\"name\":\"Haftungsausschluss\"}]},{\"@type\":\"WebSite\",\"@id\":\"https:\/\/crewtogether.io\/de\/#website\",\"url\":\"https:\/\/crewtogether.io\/de\/\",\"name\":\"crewtogether.io\",\"description\":\"where collaboration takes flight\",\"publisher\":{\"@id\":\"https:\/\/crewtogether.io\/de\/#organization\"},\"potentialAction\":[{\"@type\":\"SearchAction\",\"target\":{\"@type\":\"EntryPoint\",\"urlTemplate\":\"https:\/\/crewtogether.io\/de\/?s={search_term_string}\"},\"query-input\":{\"@type\":\"PropertyValueSpecification\",\"valueRequired\":true,\"valueName\":\"search_term_string\"}}],\"inLanguage\":\"de\"},{\"@type\":\"Organization\",\"@id\":\"https:\/\/crewtogether.io\/de\/#organization\",\"name\":\"Crew Together XR\",\"url\":\"https:\/\/crewtogether.io\/de\/\",\"logo\":{\"@type\":\"ImageObject\",\"inLanguage\":\"de\",\"@id\":\"https:\/\/crewtogether.io\/de\/#\/schema\/logo\/image\/\",\"url\":\"https:\/\/crewtogether.io\/wp-content\/uploads\/2024\/11\/crew-together-logo@2x.png\",\"contentUrl\":\"https:\/\/crewtogether.io\/wp-content\/uploads\/2024\/11\/crew-together-logo@2x.png\",\"width\":1024,\"height\":332,\"caption\":\"Crew Together XR\"},\"image\":{\"@id\":\"https:\/\/crewtogether.io\/de\/#\/schema\/logo\/image\/\"},\"sameAs\":[\"https:\/\/www.linkedin.com\/company\/crew-together-xr\"]}]}<\/script>\n<!-- \/ Yoast SEO plugin. -->","yoast_head_json":{"title":"Haftungsausschluss - crewtogether.io","robots":{"index":"index","follow":"follow","max-snippet":"max-snippet:-1","max-image-preview":"max-image-preview:large","max-video-preview":"max-video-preview:-1"},"canonical":"https:\/\/crewtogether.io\/de\/haftungsausschluss\/","og_locale":"de_DE","og_type":"article","og_title":"Haftungsausschluss - crewtogether.io","og_url":"https:\/\/crewtogether.io\/de\/haftungsausschluss\/","og_site_name":"crewtogether.io","article_modified_time":"2025-11-04T16:21:10+00:00","og_image":[{"width":2380,"height":1680,"url":"https:\/\/crewtogether.io\/wp-content\/uploads\/2024\/11\/A5-6.jpg","type":"image\/jpeg"}],"twitter_card":"summary_large_image","schema":{"@context":"https:\/\/schema.org","@graph":[{"@type":"WebPage","@id":"https:\/\/crewtogether.io\/de\/haftungsausschluss\/","url":"https:\/\/crewtogether.io\/de\/haftungsausschluss\/","name":"Haftungsausschluss - crewtogether.io","isPartOf":{"@id":"https:\/\/crewtogether.io\/de\/#website"},"datePublished":"2024-11-03T12:00:02+00:00","dateModified":"2025-11-04T16:21:10+00:00","breadcrumb":{"@id":"https:\/\/crewtogether.io\/de\/haftungsausschluss\/#breadcrumb"},"inLanguage":"de","potentialAction":[{"@type":"ReadAction","target":["https:\/\/crewtogether.io\/de\/haftungsausschluss\/"]}]},{"@type":"BreadcrumbList","@id":"https:\/\/crewtogether.io\/de\/haftungsausschluss\/#breadcrumb","itemListElement":[{"@type":"ListItem","position":1,"name":"Home","item":"https:\/\/crewtogether.io\/de\/muster-seite\/"},{"@type":"ListItem","position":2,"name":"Haftungsausschluss"}]},{"@type":"WebSite","@id":"https:\/\/crewtogether.io\/de\/#website","url":"https:\/\/crewtogether.io\/de\/","name":"crewtogether.io","description":"where collaboration takes flight","publisher":{"@id":"https:\/\/crewtogether.io\/de\/#organization"},"potentialAction":[{"@type":"SearchAction","target":{"@type":"EntryPoint","urlTemplate":"https:\/\/crewtogether.io\/de\/?s={search_term_string}"},"query-input":{"@type":"PropertyValueSpecification","valueRequired":true,"valueName":"search_term_string"}}],"inLanguage":"de"},{"@type":"Organization","@id":"https:\/\/crewtogether.io\/de\/#organization","name":"Crew Together XR","url":"https:\/\/crewtogether.io\/de\/","logo":{"@type":"ImageObject","inLanguage":"de","@id":"https:\/\/crewtogether.io\/de\/#\/schema\/logo\/image\/","url":"https:\/\/crewtogether.io\/wp-content\/uploads\/2024\/11\/crew-together-logo@2x.png","contentUrl":"https:\/\/crewtogether.io\/wp-content\/uploads\/2024\/11\/crew-together-logo@2x.png","width":1024,"height":332,"caption":"Crew Together XR"},"image":{"@id":"https:\/\/crewtogether.io\/de\/#\/schema\/logo\/image\/"},"sameAs":["https:\/\/www.linkedin.com\/company\/crew-together-xr"]}]}},"_links":{"self":[{"href":"https:\/\/crewtogether.io\/de\/wp-json\/wp\/v2\/pages\/987582989","targetHints":{"allow":["GET"]}}],"collection":[{"href":"https:\/\/crewtogether.io\/de\/wp-json\/wp\/v2\/pages"}],"about":[{"href":"https:\/\/crewtogether.io\/de\/wp-json\/wp\/v2\/types\/page"}],"author":[{"embeddable":true,"href":"https:\/\/crewtogether.io\/de\/wp-json\/wp\/v2\/users\/1"}],"replies":[{"embeddable":true,"href":"https:\/\/crewtogether.io\/de\/wp-json\/wp\/v2\/comments?post=987582989"}],"version-history":[{"count":1,"href":"https:\/\/crewtogether.io\/de\/wp-json\/wp\/v2\/pages\/987582989\/revisions"}],"predecessor-version":[{"id":987582990,"href":"https:\/\/crewtogether.io\/de\/wp-json\/wp\/v2\/pages\/987582989\/revisions\/987582990"}],"wp:attachment":[{"href":"https:\/\/crewtogether.io\/de\/wp-json\/wp\/v2\/media?parent=987582989"}],"curies":[{"name":"wp","href":"https:\/\/api.w.org\/{rel}","templated":true}]}}